{"id":347,"date":"2022-12-18T14:25:04","date_gmt":"2022-12-18T14:25:04","guid":{"rendered":"https:\/\/www.haus-froehlich.com\/?page_id=347"},"modified":"2022-12-29T21:00:24","modified_gmt":"2022-12-29T21:00:24","slug":"buchungsanfrage","status":"publish","type":"page","link":"https:\/\/www.haus-froehlich.com\/index.php\/buchungsanfrage\/","title":{"rendered":"Buchungsanfragen"},"content":{"rendered":"\t\t<div data-elementor-type=\"wp-page\" data-elementor-id=\"347\" class=\"elementor elementor-347\" data-elementor-post-type=\"page\">\n\t\t\t\t\t\t<section class=\"elementor-section elementor-top-section elementor-element elementor-element-f4e05ef elementor-section-boxed elementor-section-height-default elementor-section-height-default\" data-id=\"f4e05ef\" data-element_type=\"section\" data-e-type=\"section\">\n\t\t\t\t\t\t<div class=\"elementor-container elementor-column-gap-default\">\n\t\t\t\t\t<div class=\"elementor-column elementor-col-100 elementor-top-column elementor-element elementor-element-28e8fda\" data-id=\"28e8fda\" data-element_type=\"column\" data-e-type=\"column\">\n\t\t\t<div class=\"elementor-widget-wrap elementor-element-populated\">\n\t\t\t\t\t\t<div class=\"elementor-element elementor-element-8634c4b elementor-nav-menu__align-start elementor-nav-menu--dropdown-none elementor-hidden-tablet elementor-hidden-mobile elementor-widget elementor-widget-nav-menu\" data-id=\"8634c4b\" data-element_type=\"widget\" data-e-type=\"widget\" data-settings=\"{&quot;sticky&quot;:&quot;top&quot;,&quot;layout&quot;:&quot;horizontal&quot;,&quot;submenu_icon&quot;:{&quot;value&quot;:&quot;&lt;i class=\\&quot;fas fa-caret-down\\&quot; aria-hidden=\\&quot;true\\&quot;&gt;&lt;\\\/i&gt;&quot;,&quot;library&quot;:&quot;fa-solid&quot;},&quot;sticky_on&quot;:[&quot;desktop&quot;,&quot;tablet&quot;,&quot;mobile&quot;],&quot;sticky_offset&quot;:0,&quot;sticky_effects_offset&quot;:0,&quot;sticky_anchor_link_offset&quot;:0}\" data-widget_type=\"nav-menu.default\">\n\t\t\t\t<div class=\"elementor-widget-container\">\n\t\t\t\t\t\t\t\t<nav aria-label=\"Men\u00fc\" class=\"elementor-nav-menu--main elementor-nav-menu__container elementor-nav-menu--layout-horizontal e--pointer-none\">\n\t\t\t\t<ul id=\"menu-1-8634c4b\" class=\"elementor-nav-menu\"><li class=\"menu-item menu-item-type-post_type menu-item-object-page menu-item-home menu-item-45\"><a href=\"https:\/\/www.haus-froehlich.com\/\" class=\"elementor-item menu-link\">Willkommen<\/a><\/li>\n<li class=\"menu-item menu-item-type-post_type menu-item-object-page menu-item-696\"><a href=\"https:\/\/www.haus-froehlich.com\/index.php\/wohnung\/\" class=\"elementor-item menu-link\">Wohnung<\/a><\/li>\n<li class=\"menu-item menu-item-type-custom menu-item-object-custom menu-item-287\"><a href=\"#popup-menu-anchor\" class=\"elementor-item elementor-item-anchor menu-link\">Preise<\/a><\/li>\n<li class=\"menu-item menu-item-type-post_type menu-item-object-page menu-item-693\"><a href=\"https:\/\/www.haus-froehlich.com\/index.php\/buchungsanfrage\/\" class=\"elementor-item menu-link\">Buchungsanfragen<\/a><\/li>\n<li class=\"menu-item menu-item-type-post_type menu-item-object-page menu-item-695\"><a href=\"https:\/\/www.haus-froehlich.com\/index.php\/kontakt\/\" class=\"elementor-item menu-link\">Kontakt<\/a><\/li>\n<li class=\"menu-item menu-item-type-custom menu-item-object-custom menu-item-687\"><a href=\"#popup-menu-impressum\" class=\"elementor-item elementor-item-anchor menu-link\">Impressum<\/a><\/li>\n<\/ul>\t\t\t<\/nav>\n\t\t\t\t\t\t<nav class=\"elementor-nav-menu--dropdown elementor-nav-menu__container\" aria-hidden=\"true\">\n\t\t\t\t<ul id=\"menu-2-8634c4b\" class=\"elementor-nav-menu\"><li class=\"menu-item menu-item-type-post_type menu-item-object-page menu-item-home menu-item-45\"><a href=\"https:\/\/www.haus-froehlich.com\/\" class=\"elementor-item menu-link\" tabindex=\"-1\">Willkommen<\/a><\/li>\n<li class=\"menu-item menu-item-type-post_type menu-item-object-page menu-item-696\"><a href=\"https:\/\/www.haus-froehlich.com\/index.php\/wohnung\/\" class=\"elementor-item menu-link\" tabindex=\"-1\">Wohnung<\/a><\/li>\n<li class=\"menu-item menu-item-type-custom menu-item-object-custom menu-item-287\"><a href=\"#popup-menu-anchor\" class=\"elementor-item elementor-item-anchor menu-link\" tabindex=\"-1\">Preise<\/a><\/li>\n<li class=\"menu-item menu-item-type-post_type menu-item-object-page menu-item-693\"><a href=\"https:\/\/www.haus-froehlich.com\/index.php\/buchungsanfrage\/\" class=\"elementor-item menu-link\" tabindex=\"-1\">Buchungsanfragen<\/a><\/li>\n<li class=\"menu-item menu-item-type-post_type menu-item-object-page menu-item-695\"><a href=\"https:\/\/www.haus-froehlich.com\/index.php\/kontakt\/\" class=\"elementor-item menu-link\" tabindex=\"-1\">Kontakt<\/a><\/li>\n<li class=\"menu-item menu-item-type-custom menu-item-object-custom menu-item-687\"><a href=\"#popup-menu-impressum\" class=\"elementor-item elementor-item-anchor menu-link\" tabindex=\"-1\">Impressum<\/a><\/li>\n<\/ul>\t\t\t<\/nav>\n\t\t\t\t\t\t<\/div>\n\t\t\t\t<\/div>\n\t\t\t\t\t<\/div>\n\t\t<\/div>\n\t\t\t\t\t<\/div>\n\t\t<\/section>\n\t\t\t\t<section class=\"elementor-section elementor-top-section elementor-element elementor-element-d867b2d elementor-section-full_width elementor-section-height-min-height elementor-section-items-stretch elementor-section-height-default\" data-id=\"d867b2d\" data-element_type=\"section\" data-e-type=\"section\" id=\"uppage\" data-settings=\"{&quot;background_background&quot;:&quot;classic&quot;}\">\n\t\t\t\t\t\t<div class=\"elementor-container elementor-column-gap-default\">\n\t\t\t\t\t<div class=\"elementor-column elementor-col-50 elementor-top-column elementor-element elementor-element-58704f12\" data-id=\"58704f12\" data-element_type=\"column\" data-e-type=\"column\" data-settings=\"{&quot;background_background&quot;:&quot;classic&quot;}\">\n\t\t\t<div class=\"elementor-widget-wrap elementor-element-populated\">\n\t\t\t\t\t\t<div class=\"elementor-element elementor-element-260ed9ab elementor-widget elementor-widget-heading\" data-id=\"260ed9ab\" data-element_type=\"widget\" data-e-type=\"widget\" data-widget_type=\"heading.default\">\n\t\t\t\t<div class=\"elementor-widget-container\">\n\t\t\t\t\t<h1 class=\"elementor-heading-title elementor-size-default\">Buchungsanfrage<\/h1>\t\t\t\t<\/div>\n\t\t\t\t<\/div>\n\t\t\t\t<div class=\"elementor-element elementor-element-92f85c elementor-widget elementor-widget-text-editor\" data-id=\"92f85c\" data-element_type=\"widget\" data-e-type=\"widget\" data-widget_type=\"text-editor.default\">\n\t\t\t\t<div class=\"elementor-widget-container\">\n\t\t\t\t\t\t\t\t\t<p>Wann d\u00fcrfen wir Sie bei uns als Gast empfangen?<br \/>Senden Sie uns einfach eine Buchungsanfrage!<br \/>Wir \u00fcberpr\u00fcfen gerne, ob unsere Wohnung f\u00fcr Sie zum gew\u00fcnschten Datum verf\u00fcgbar ist.<\/p><p>Die Wohnung (60qm) ist f\u00fcr maximal 3 Personen geeignet.<\/p><p>Der Preis f\u00fcr die Unterkunft pro Nacht betr\u00e4gt 60 \u20ac + 40\u20ac Endreinigung. Mindestaufenthalt 3 N\u00e4chte.<br \/>F\u00fcr einen dritten Erwachsenen\u00a0 steht eine Schlafcouch zur Verf\u00fcgung.<\/p><p>Daf\u00fcr erheben wir einen Aufpreis von 10 Euro pro Nacht.<\/p>\t\t\t\t\t\t\t\t<\/div>\n\t\t\t\t<\/div>\n\t\t\t\t<div class=\"elementor-element elementor-element-752728a elementor-widget-divider--view-line elementor-widget elementor-widget-divider\" data-id=\"752728a\" data-element_type=\"widget\" data-e-type=\"widget\" data-widget_type=\"divider.default\">\n\t\t\t\t<div class=\"elementor-widget-container\">\n\t\t\t\t\t\t\t<div class=\"elementor-divider\">\n\t\t\t<span class=\"elementor-divider-separator\">\n\t\t\t\t\t\t<\/span>\n\t\t<\/div>\n\t\t\t\t\t\t<\/div>\n\t\t\t\t<\/div>\n\t\t\t\t<div class=\"elementor-element elementor-element-2b7ccd9a elementor-align-start elementor-icon-list--layout-traditional elementor-list-item-link-full_width elementor-widget elementor-widget-icon-list\" data-id=\"2b7ccd9a\" data-element_type=\"widget\" data-e-type=\"widget\" data-widget_type=\"icon-list.default\">\n\t\t\t\t<div class=\"elementor-widget-container\">\n\t\t\t\t\t\t\t<ul class=\"elementor-icon-list-items\">\n\t\t\t\t\t\t\t<li class=\"elementor-icon-list-item\">\n\t\t\t\t\t\t\t\t\t\t<span class=\"elementor-icon-list-text\">Ferienwohnung Haus Fr\u00f6hlich<\/span>\n\t\t\t\t\t\t\t\t\t<\/li>\n\t\t\t\t\t\t\t\t<li class=\"elementor-icon-list-item\">\n\t\t\t\t\t\t\t\t\t\t<span class=\"elementor-icon-list-text\">Am Stadion 10<\/span>\n\t\t\t\t\t\t\t\t\t<\/li>\n\t\t\t\t\t\t\t\t<li class=\"elementor-icon-list-item\">\n\t\t\t\t\t\t\t\t\t\t<span class=\"elementor-icon-list-text\">64720 Michelstadt<\/span>\n\t\t\t\t\t\t\t\t\t<\/li>\n\t\t\t\t\t\t<\/ul>\n\t\t\t\t\t\t<\/div>\n\t\t\t\t<\/div>\n\t\t\t\t\t<\/div>\n\t\t<\/div>\n\t\t\t\t<div class=\"elementor-column elementor-col-50 elementor-top-column elementor-element elementor-element-b4fac91\" data-id=\"b4fac91\" data-element_type=\"column\" data-e-type=\"column\" data-settings=\"{&quot;background_background&quot;:&quot;classic&quot;}\">\n\t\t\t<div class=\"elementor-widget-wrap elementor-element-populated\">\n\t\t\t\t\t\t<div class=\"elementor-element elementor-element-69cb00b elementor-widget elementor-widget-spacer\" data-id=\"69cb00b\" data-element_type=\"widget\" data-e-type=\"widget\" data-widget_type=\"spacer.default\">\n\t\t\t\t<div class=\"elementor-widget-container\">\n\t\t\t\t\t\t\t<div class=\"elementor-spacer\">\n\t\t\t<div class=\"elementor-spacer-inner\"><\/div>\n\t\t<\/div>\n\t\t\t\t\t\t<\/div>\n\t\t\t\t<\/div>\n\t\t\t\t<div class=\"elementor-element elementor-element-1687f38 elementor-widget elementor-widget-text-editor\" data-id=\"1687f38\" data-element_type=\"widget\" data-e-type=\"widget\" data-widget_type=\"text-editor.default\">\n\t\t\t\t<div class=\"elementor-widget-container\">\n\t\t\t\t\t\t\t\t\t\n\t<!-- Advanced Booking Calendar Booking Form - https:\/\/booking-calendar-plugin.com -->\n\t\n\t<div id=\"abc-form-wrapper\">\n\t\t<img decoding=\"async\" alt=\"Lade...\" src=\"https:\/\/www.haus-froehlich.com\/wp-admin\/images\/wpspin_light.gif\" align=\"middle\" class=\"waiting\" id=\"abc_bookinform_loading\" style=\"display:none\" \/>\t\t\t\t\n\t\t<div id=\"abc-form-content\">\n\t\t\t<div class=\"abc-column\">\n\t\t\t\t<form class=\"abc-form\"  method=\"post\">\n\t\t\t\t\t<label for=\"abc-from\">Anreise<\/label>\n\t\t\t\t\t<div class=\"abc-input-fa\">\n\t\t\t\t\t\t<span class=\"fa fa-calendar\"><\/span>\n\t\t\t\t\t\t<input id=\"abc-from\" name=\"abc-from\" readonly=\"true\" class=\"abc-from\" value=\"\">\n\t\t\t\t\t<\/div>\n\t\t\t\t\t<label for=\"abc-to\">Abreise<\/label>\n\t\t\t\t\t<div class=\"abc-input-fa\">\n\t\t\t\t\t\t<span class=\"fa fa-calendar\"><\/span>\n\t\t\t\t\t\t<input id=\"abc-to\" name=\"abc-to\" readonly=\"true\" class=\"abc-to\" value=\"\">\n\t\t\t\t\t<\/div>\n\t\t\t<\/div>\t\t\t\n\t\t\t<div class=\"abc-column abc-form\">\t\n\t\t\t\t\t<label for=\"abc-persons\">Personen<\/label>\n\t\t\t\t\t<div class=\"abc-input-fa\">\n\t\t\t\t\t\t<span class=\"fa fa-female abc-guest1\"><\/span>\n\t\t\t\t\t\t<span class=\"fa fa-male abc-guest2\"><\/span>\n\t\t\t\t\t\t<select id=\"abc-persons\" name=\"abc-persons\">\n\t\t\t\t\t\t\t<option value=\"1\" selected>1<\/option><option value=\"2\">2<\/option><option value=\"3\">3<\/option><option value=\"4\">4<\/option>\n\t\t\t\t\t\t<\/select>\n\t\t\t\t\t<\/div>\n\t\t\t\t\t<input id=\"abcPostTrigger\" type=\"hidden\" name=\"abcPostTrigger\" value=\"0\">\t\n\t\t\t\t\t<input id=\"abcPostCalendarId\" type=\"hidden\" name=\"abcPostCalendarId\" value=\"\">\t\n\t\t\t\t<\/form>\t\n\t\t\t<\/div>\n\t\t\t<div class=\"abc-form-row\">\n\t\t\t\t<button class=\"abc-submit\" id=\"abc-check-availabilities\"><span id=\"abc-submit-button\" class=\"abc-submit-text\">Verf\u00fcgbarkeit pr\u00fcfen<\/span><span class=\"abc-submit-loading\" >Lade&#8230;<\/span><\/button>\n\t\t\t\t<button class=\"abc-submit\" id=\"abc-back-to-availabilities\" style=\"display: none;\"><span class=\"abc-submit-text\">Bearbeiten<\/span><\/button>\n\t\t\t<\/div>\t\n\t\t\t\n\t\t\t<div id=\"abc-bookingresults\"><\/div>\n\t\t<\/div><\/div>\t\t\t\t\t\t\t\t<\/div>\n\t\t\t\t<\/div>\n\t\t\t\t\t<\/div>\n\t\t<\/div>\n\t\t\t\t\t<\/div>\n\t\t<\/section>\n\t\t\t\t<\/div>\n\t\t","protected":false},"excerpt":{"rendered":"<p>Buchungsanfrage Wann d\u00fcrfen wir Sie bei uns als Gast empfangen?Senden Sie uns einfach eine Buchungsanfrage!Wir \u00fcberpr\u00fcfen gerne, ob unsere Wohnung f\u00fcr Sie zum gew\u00fcnschten Datum verf\u00fcgbar ist. Die Wohnung (60qm) ist f\u00fcr maximal 3 Personen geeignet. Der Preis f\u00fcr die Unterkunft pro Nacht betr\u00e4gt 60 \u20ac + 40\u20ac Endreinigung. Mindestaufenthalt 3 N\u00e4chte.F\u00fcr einen dritten Erwachsenen\u00a0 [&hellip;]<\/p>\n","protected":false},"author":1,"featured_media":0,"parent":0,"menu_order":0,"comment_status":"closed","ping_status":"closed","template":"elementor_canvas","meta":{"site-sidebar-layout":"no-sidebar","site-content-layout":"page-builder","ast-site-content-layout":"default","site-content-style":"default","site-sidebar-style":"default","ast-global-header-display":"","ast-banner-title-visibility":"","ast-main-header-display":"","ast-hfb-above-header-display":"","ast-hfb-below-header-display":"","ast-hfb-mobile-header-display":"","site-post-title":"disabled","ast-breadcrumbs-content":"","ast-featured-img":"disabled","footer-sml-layout":"","ast-disable-related-posts":"","theme-transparent-header-meta":"","adv-header-id-meta":"","stick-header-meta":"","header-above-stick-meta":"","header-main-stick-meta":"","header-below-stick-meta":"","astra-migrate-meta-layouts":"default","ast-page-background-enabled":"default","ast-page-background-meta":{"desktop":{"background-color":"var(--ast-global-color-4)","background-image":"","background-repeat":"repeat","background-position":"center center","background-size":"auto","background-attachment":"scroll","background-type":"","background-media":"","overlay-type":"","overlay-color":"","overlay-opacity":"","overlay-gradient":""},"tablet":{"background-color":"","background-image":"","background-repeat":"repeat","background-position":"center center","background-size":"auto","background-attachment":"scroll","background-type":"","background-media":"","overlay-type":"","overlay-color":"","overlay-opacity":"","overlay-gradient":""},"mobile":{"background-color":"","background-image":"","background-repeat":"repeat","background-position":"center center","background-size":"auto","background-attachment":"scroll","background-type":"","background-media":"","overlay-type":"","overlay-color":"","overlay-opacity":"","overlay-gradient":""}},"ast-content-background-meta":{"desktop":{"background-color":"var(--ast-global-color-5)","background-image":"","background-repeat":"repeat","background-position":"center center","background-size":"auto","background-attachment":"scroll","background-type":"","background-media":"","overlay-type":"","overlay-color":"","overlay-opacity":"","overlay-gradient":""},"tablet":{"background-color":"var(--ast-global-color-5)","background-image":"","background-repeat":"repeat","background-position":"center center","background-size":"auto","background-attachment":"scroll","background-type":"","background-media":"","overlay-type":"","overlay-color":"","overlay-opacity":"","overlay-gradient":""},"mobile":{"background-color":"var(--ast-global-color-5)","background-image":"","background-repeat":"repeat","background-position":"center center","background-size":"auto","background-attachment":"scroll","background-type":"","background-media":"","overlay-type":"","overlay-color":"","overlay-opacity":"","overlay-gradient":""}},"footnotes":""},"class_list":["post-347","page","type-page","status-publish","hentry"],"yoast_head":"<!-- This site is optimized with the Yoast SEO plugin v27.2 - https:\/\/yoast.com\/product\/yoast-seo-wordpress\/ -->\n<title>Buchungsanfragen - Ferienwohnung Haus Fr\u00f6hlich<\/title>\n<meta name=\"robots\" content=\"index, follow, max-snippet:-1, max-image-preview:large, max-video-preview:-1\" \/>\n<link rel=\"canonical\" href=\"https:\/\/www.haus-froehlich.com\/index.php\/buchungsanfrage\/\" \/>\n<meta property=\"og:locale\" content=\"de_DE\" \/>\n<meta property=\"og:type\" content=\"article\" \/>\n<meta property=\"og:title\" content=\"Buchungsanfragen - Ferienwohnung Haus Fr\u00f6hlich\" \/>\n<meta property=\"og:description\" content=\"Buchungsanfrage Wann d\u00fcrfen wir Sie bei uns als Gast empfangen?Senden Sie uns einfach eine Buchungsanfrage!Wir \u00fcberpr\u00fcfen gerne, ob unsere Wohnung f\u00fcr Sie zum gew\u00fcnschten Datum verf\u00fcgbar ist. Die Wohnung (60qm) ist f\u00fcr maximal 3 Personen geeignet. Der Preis f\u00fcr die Unterkunft pro Nacht betr\u00e4gt 60 \u20ac + 40\u20ac Endreinigung. Mindestaufenthalt 3 N\u00e4chte.F\u00fcr einen dritten Erwachsenen\u00a0 [&hellip;]\" \/>\n<meta property=\"og:url\" content=\"https:\/\/www.haus-froehlich.com\/index.php\/buchungsanfrage\/\" \/>\n<meta property=\"og:site_name\" content=\"Ferienwohnung Haus Fr\u00f6hlich\" \/>\n<meta property=\"article:modified_time\" content=\"2022-12-29T21:00:24+00:00\" \/>\n<meta name=\"twitter:card\" content=\"summary_large_image\" \/>\n<meta name=\"twitter:label1\" content=\"Gesch\u00e4tzte Lesezeit\" \/>\n\t<meta name=\"twitter:data1\" content=\"1\u00a0Minute\" \/>\n<script type=\"application\/ld+json\" class=\"yoast-schema-graph\">{\"@context\":\"https:\/\/schema.org\",\"@graph\":[{\"@type\":\"WebPage\",\"@id\":\"https:\/\/www.haus-froehlich.com\/index.php\/buchungsanfrage\/\",\"url\":\"https:\/\/www.haus-froehlich.com\/index.php\/buchungsanfrage\/\",\"name\":\"Buchungsanfragen - Ferienwohnung Haus Fr\u00f6hlich\",\"isPartOf\":{\"@id\":\"https:\/\/www.haus-froehlich.com\/#website\"},\"datePublished\":\"2022-12-18T14:25:04+00:00\",\"dateModified\":\"2022-12-29T21:00:24+00:00\",\"breadcrumb\":{\"@id\":\"https:\/\/www.haus-froehlich.com\/index.php\/buchungsanfrage\/#breadcrumb\"},\"inLanguage\":\"de\",\"potentialAction\":[{\"@type\":\"ReadAction\",\"target\":[\"https:\/\/www.haus-froehlich.com\/index.php\/buchungsanfrage\/\"]}]},{\"@type\":\"BreadcrumbList\",\"@id\":\"https:\/\/www.haus-froehlich.com\/index.php\/buchungsanfrage\/#breadcrumb\",\"itemListElement\":[{\"@type\":\"ListItem\",\"position\":1,\"name\":\"Startseite\",\"item\":\"https:\/\/www.haus-froehlich.com\/\"},{\"@type\":\"ListItem\",\"position\":2,\"name\":\"Buchungsanfragen\"}]},{\"@type\":\"WebSite\",\"@id\":\"https:\/\/www.haus-froehlich.com\/#website\",\"url\":\"https:\/\/www.haus-froehlich.com\/\",\"name\":\"Ferienwohnung Haus Fr\u00f6hlich\",\"description\":\"Just another WordPress site\",\"publisher\":{\"@id\":\"https:\/\/www.haus-froehlich.com\/#organization\"},\"potentialAction\":[{\"@type\":\"SearchAction\",\"target\":{\"@type\":\"EntryPoint\",\"urlTemplate\":\"https:\/\/www.haus-froehlich.com\/?s={search_term_string}\"},\"query-input\":{\"@type\":\"PropertyValueSpecification\",\"valueRequired\":true,\"valueName\":\"search_term_string\"}}],\"inLanguage\":\"de\"},{\"@type\":\"Organization\",\"@id\":\"https:\/\/www.haus-froehlich.com\/#organization\",\"name\":\"Ferienwohnung Haus Fr\u00f6hlich\",\"url\":\"https:\/\/www.haus-froehlich.com\/\",\"logo\":{\"@type\":\"ImageObject\",\"inLanguage\":\"de\",\"@id\":\"https:\/\/www.haus-froehlich.com\/#\/schema\/logo\/image\/\",\"url\":\"https:\/\/www.haus-froehlich.com\/wp-content\/uploads\/2022\/12\/cropped-cropped-Logo_Froehlichfinal_2.0.png\",\"contentUrl\":\"https:\/\/www.haus-froehlich.com\/wp-content\/uploads\/2022\/12\/cropped-cropped-Logo_Froehlichfinal_2.0.png\",\"width\":600,\"height\":116,\"caption\":\"Ferienwohnung Haus Fr\u00f6hlich\"},\"image\":{\"@id\":\"https:\/\/www.haus-froehlich.com\/#\/schema\/logo\/image\/\"}}]}<\/script>\n<!-- \/ Yoast SEO plugin. -->","yoast_head_json":{"title":"Buchungsanfragen - Ferienwohnung Haus Fr\u00f6hlich","robots":{"index":"index","follow":"follow","max-snippet":"max-snippet:-1","max-image-preview":"max-image-preview:large","max-video-preview":"max-video-preview:-1"},"canonical":"https:\/\/www.haus-froehlich.com\/index.php\/buchungsanfrage\/","og_locale":"de_DE","og_type":"article","og_title":"Buchungsanfragen - Ferienwohnung Haus Fr\u00f6hlich","og_description":"Buchungsanfrage Wann d\u00fcrfen wir Sie bei uns als Gast empfangen?Senden Sie uns einfach eine Buchungsanfrage!Wir \u00fcberpr\u00fcfen gerne, ob unsere Wohnung f\u00fcr Sie zum gew\u00fcnschten Datum verf\u00fcgbar ist. Die Wohnung (60qm) ist f\u00fcr maximal 3 Personen geeignet. Der Preis f\u00fcr die Unterkunft pro Nacht betr\u00e4gt 60 \u20ac + 40\u20ac Endreinigung. Mindestaufenthalt 3 N\u00e4chte.F\u00fcr einen dritten Erwachsenen\u00a0 [&hellip;]","og_url":"https:\/\/www.haus-froehlich.com\/index.php\/buchungsanfrage\/","og_site_name":"Ferienwohnung Haus Fr\u00f6hlich","article_modified_time":"2022-12-29T21:00:24+00:00","twitter_card":"summary_large_image","twitter_misc":{"Gesch\u00e4tzte Lesezeit":"1\u00a0Minute"},"schema":{"@context":"https:\/\/schema.org","@graph":[{"@type":"WebPage","@id":"https:\/\/www.haus-froehlich.com\/index.php\/buchungsanfrage\/","url":"https:\/\/www.haus-froehlich.com\/index.php\/buchungsanfrage\/","name":"Buchungsanfragen - Ferienwohnung Haus Fr\u00f6hlich","isPartOf":{"@id":"https:\/\/www.haus-froehlich.com\/#website"},"datePublished":"2022-12-18T14:25:04+00:00","dateModified":"2022-12-29T21:00:24+00:00","breadcrumb":{"@id":"https:\/\/www.haus-froehlich.com\/index.php\/buchungsanfrage\/#breadcrumb"},"inLanguage":"de","potentialAction":[{"@type":"ReadAction","target":["https:\/\/www.haus-froehlich.com\/index.php\/buchungsanfrage\/"]}]},{"@type":"BreadcrumbList","@id":"https:\/\/www.haus-froehlich.com\/index.php\/buchungsanfrage\/#breadcrumb","itemListElement":[{"@type":"ListItem","position":1,"name":"Startseite","item":"https:\/\/www.haus-froehlich.com\/"},{"@type":"ListItem","position":2,"name":"Buchungsanfragen"}]},{"@type":"WebSite","@id":"https:\/\/www.haus-froehlich.com\/#website","url":"https:\/\/www.haus-froehlich.com\/","name":"Ferienwohnung Haus Fr\u00f6hlich","description":"Just another WordPress site","publisher":{"@id":"https:\/\/www.haus-froehlich.com\/#organization"},"potentialAction":[{"@type":"SearchAction","target":{"@type":"EntryPoint","urlTemplate":"https:\/\/www.haus-froehlich.com\/?s={search_term_string}"},"query-input":{"@type":"PropertyValueSpecification","valueRequired":true,"valueName":"search_term_string"}}],"inLanguage":"de"},{"@type":"Organization","@id":"https:\/\/www.haus-froehlich.com\/#organization","name":"Ferienwohnung Haus Fr\u00f6hlich","url":"https:\/\/www.haus-froehlich.com\/","logo":{"@type":"ImageObject","inLanguage":"de","@id":"https:\/\/www.haus-froehlich.com\/#\/schema\/logo\/image\/","url":"https:\/\/www.haus-froehlich.com\/wp-content\/uploads\/2022\/12\/cropped-cropped-Logo_Froehlichfinal_2.0.png","contentUrl":"https:\/\/www.haus-froehlich.com\/wp-content\/uploads\/2022\/12\/cropped-cropped-Logo_Froehlichfinal_2.0.png","width":600,"height":116,"caption":"Ferienwohnung Haus Fr\u00f6hlich"},"image":{"@id":"https:\/\/www.haus-froehlich.com\/#\/schema\/logo\/image\/"}}]}},"_links":{"self":[{"href":"https:\/\/www.haus-froehlich.com\/index.php\/wp-json\/wp\/v2\/pages\/347","targetHints":{"allow":["GET"]}}],"collection":[{"href":"https:\/\/www.haus-froehlich.com\/index.php\/wp-json\/wp\/v2\/pages"}],"about":[{"href":"https:\/\/www.haus-froehlich.com\/index.php\/wp-json\/wp\/v2\/types\/page"}],"author":[{"embeddable":true,"href":"https:\/\/www.haus-froehlich.com\/index.php\/wp-json\/wp\/v2\/users\/1"}],"replies":[{"embeddable":true,"href":"https:\/\/www.haus-froehlich.com\/index.php\/wp-json\/wp\/v2\/comments?post=347"}],"version-history":[{"count":146,"href":"https:\/\/www.haus-froehlich.com\/index.php\/wp-json\/wp\/v2\/pages\/347\/revisions"}],"predecessor-version":[{"id":765,"href":"https:\/\/www.haus-froehlich.com\/index.php\/wp-json\/wp\/v2\/pages\/347\/revisions\/765"}],"wp:attachment":[{"href":"https:\/\/www.haus-froehlich.com\/index.php\/wp-json\/wp\/v2\/media?parent=347"}],"curies":[{"name":"wp","href":"https:\/\/api.w.org\/{rel}","templated":true}]}}